{"id":37,"date":"2025-05-20T08:53:58","date_gmt":"2025-05-20T08:53:58","guid":{"rendered":"https:\/\/charitywalks-4fndhope.com\/home\/"},"modified":"2025-06-15T09:18:12","modified_gmt":"2025-06-15T09:18:12","slug":"home","status":"publish","type":"page","link":"https:\/\/charitywalks-4fndhope.com\/fr\/","title":{"rendered":"Inspirer l'espoir, un pas apr\u00e8s l'autre"},"content":{"rendered":"<div class=\"inherit-container-width wp-block-group alignfull has-background-background-color has-background has-large-font-size is-layout-constrained wp-container-core-group-is-layout-2779cf1b wp-block-group-is-layout-constrained\" style=\"margin-top:0;margin-bottom:0;padding-top:var(--wp--preset--spacing--50);padding-right:var(--wp--preset--spacing--30);padding-bottom:var(--wp--preset--spacing--60);padding-left:var(--wp--preset--spacing--30)\">\n<div class=\"wp-block-uagb-container uagb-block-68c416d7 alignwide uagb-is-root-container\">\n<h1 class=\"wp-block-heading has-text-align-center has-ast-global-color-1-background-color has-background has-large-font-size\" style=\"margin-top:0;margin-bottom:0;padding-top:0;padding-bottom:0\"><strong><mark style=\"background-color:rgba(0, 0, 0, 0);color:#ffffff\" class=\"has-inline-color\">Inspirer l'espoir, un pas apr\u00e8s l'autre<\/mark><\/strong><\/h1>\n<\/div>\n<\/div>\n\n\n\n<div class=\"inherit-container-width wp-block-group alignfull has-tertiary-background-color has-background is-layout-constrained wp-container-core-group-is-layout-7276a2bb wp-block-group-is-layout-constrained\" id=\"about\" style=\"margin-top:0;margin-bottom:0;padding-top:var(--wp--preset--spacing--60);padding-right:var(--wp--preset--spacing--30);padding-bottom:var(--wp--preset--spacing--60);padding-left:var(--wp--preset--spacing--30)\">\n<div class=\"wp-block-columns alignwide are-vertically-aligned-center is-layout-flex wp-container-core-columns-is-layout-47c06fe3 wp-block-columns-is-layout-flex\">\n<div class=\"wp-block-column is-vertically-aligned-center is-layout-flow wp-container-core-column-is-layout-f5bb311e wp-block-column-is-layout-flow\" style=\"flex-basis:50%\">\n<div class=\"wp-block-group is-layout-constrained wp-container-core-group-is-layout-279e0ccb wp-block-group-is-layout-constrained\">\n<figure class=\"wp-block-image aligncenter size-large is-resized is-style-rounded\"><a href=\"\/fr\/www.fnd-stronger-together.blog\/\"><img loading=\"lazy\" decoding=\"async\" width=\"1005\" height=\"1024\" src=\"http:\/\/charitywalks-4fndhope.com\/wp-content\/uploads\/2025\/05\/FND-LOGO3-1005x1024.jpg\" alt=\"\" class=\"wp-image-51\" style=\"width:253px;height:auto\" srcset=\"https:\/\/charitywalks-4fndhope.com\/wp-content\/uploads\/2025\/05\/FND-LOGO3-1005x1024.jpg 1005w, https:\/\/charitywalks-4fndhope.com\/wp-content\/uploads\/2025\/05\/FND-LOGO3-294x300.jpg 294w, https:\/\/charitywalks-4fndhope.com\/wp-content\/uploads\/2025\/05\/FND-LOGO3-768x783.jpg 768w, https:\/\/charitywalks-4fndhope.com\/wp-content\/uploads\/2025\/05\/FND-LOGO3-12x12.jpg 12w, https:\/\/charitywalks-4fndhope.com\/wp-content\/uploads\/2025\/05\/FND-LOGO3-140x143.jpg 140w, https:\/\/charitywalks-4fndhope.com\/wp-content\/uploads\/2025\/05\/FND-LOGO3.jpg 1256w\" sizes=\"auto, (max-width: 1005px) 100vw, 1005px\" \/><\/a><\/figure>\n<\/div>\n<\/div>\n\n\n\n<div class=\"wp-block-column is-vertically-aligned-center is-layout-flow wp-block-column-is-layout-flow\" style=\"flex-basis:60%\">\n<h2 class=\"wp-block-heading has-large-font-size\">Sensibilisation \u00e0 la TNF<\/h2>\n\n\n\n<p style=\"margin-top:16px\">Ma mission est de collecter des fonds et de promouvoir la recherche et la sensibilisation aux troubles neurologiques fonctionnels par le biais de marches de bienfaisance.<\/p>\n\n\n\n<p style=\"margin-top:16px\">The cause I support is FND Hope International, a global charity dedicated to advancing research that leads to better treatments, improved diagnostics, and ultimately recovery for those affected. <\/p>\n\n\n\n<p style=\"margin-top:16px\"><mark style=\"background-color:rgba(0, 0, 0, 0)\" class=\"has-inline-color has-ast-global-color-1-color\">(<em>Cliquez sur l'image pour visiter le site web de FND Hope<\/em>)<\/mark><\/p>\n\n\n\n<figure class=\"wp-block-image aligncenter size-large is-resized\"><a href=\"https:\/\/fndhope.org\"><img loading=\"lazy\" decoding=\"async\" width=\"1024\" height=\"389\" src=\"http:\/\/charitywalks-4fndhope.com\/wp-content\/uploads\/2025\/05\/Screenshot-2025-05-23-at-11.45.40-1024x389.png\" alt=\"\" class=\"wp-image-50\" style=\"width:321px;height:auto\" srcset=\"https:\/\/charitywalks-4fndhope.com\/wp-content\/uploads\/2025\/05\/Screenshot-2025-05-23-at-11.45.40-1024x389.png 1024w, https:\/\/charitywalks-4fndhope.com\/wp-content\/uploads\/2025\/05\/Screenshot-2025-05-23-at-11.45.40-300x114.png 300w, https:\/\/charitywalks-4fndhope.com\/wp-content\/uploads\/2025\/05\/Screenshot-2025-05-23-at-11.45.40-768x292.png 768w, https:\/\/charitywalks-4fndhope.com\/wp-content\/uploads\/2025\/05\/Screenshot-2025-05-23-at-11.45.40.png 1480w\" sizes=\"auto, (max-width: 1024px) 100vw, 1024px\" \/><\/a><\/figure>\n<\/div>\n<\/div>\n<\/div>\n\n\n\n<div class=\"inherit-container-width wp-block-group alignfull has-background-background-color has-background is-layout-constrained wp-container-core-group-is-layout-7276a2bb wp-block-group-is-layout-constrained\" id=\"events\" style=\"margin-top:0;margin-bottom:0;padding-top:var(--wp--preset--spacing--60);padding-right:var(--wp--preset--spacing--30);padding-bottom:var(--wp--preset--spacing--60);padding-left:var(--wp--preset--spacing--30)\">\n<div class=\"wp-block-group alignwide is-vertical is-layout-flex wp-container-core-group-is-layout-fe9cc265 wp-block-group-is-layout-flex\">\n<div class=\"wp-block-group alignwide is-content-justification-left is-layout-constrained wp-container-core-group-is-layout-12dd3699 wp-block-group-is-layout-constrained\">\n<h2 class=\"wp-block-heading has-text-align-left has-large-font-size\">Chaque pas est porteur d'espoir pour la TNF<\/h2>\n\n\n\n<p style=\"margin-top:16px\">D\u00e9couvrez les prochaines marches caritatives destin\u00e9es \u00e0 sensibiliser le public et \u00e0 faire une diff\u00e9rence significative pour FND Hope International et les personnes touch\u00e9es par la TNF.<\/p>\n<\/div>\n<\/div>\n\n\n\n<div class=\"wp-block-columns alignwide is-layout-flex wp-container-core-columns-is-layout-28f84493 wp-block-columns-is-layout-flex\">\n<div class=\"wp-block-column is-layout-flow wp-container-core-column-is-layout-8a368f38 wp-block-column-is-layout-flow\">\n<figure class=\"wp-block-image size-full has-custom-border extendify-image-import\"><img loading=\"lazy\" decoding=\"async\" width=\"768\" height=\"912\" src=\"http:\/\/charitywalks-4fndhope.com\/wp-content\/uploads\/2025\/05\/Screenshot-2025-05-23-at-14.45.00.png\" alt=\"\" class=\"wp-image-94\" style=\"border-top-left-radius:20rem;border-top-right-radius:20rem;border-bottom-left-radius:0rem;border-bottom-right-radius:0rem;aspect-ratio:1;object-fit:contain\" srcset=\"https:\/\/charitywalks-4fndhope.com\/wp-content\/uploads\/2025\/05\/Screenshot-2025-05-23-at-14.45.00.png 768w, https:\/\/charitywalks-4fndhope.com\/wp-content\/uploads\/2025\/05\/Screenshot-2025-05-23-at-14.45.00-253x300.png 253w\" sizes=\"auto, (max-width: 768px) 100vw, 768px\" \/><\/figure>\n\n\n\n<div class=\"wp-block-group has-tertiary-background-color has-background is-layout-constrained wp-container-core-group-is-layout-23b1a4dc wp-block-group-is-layout-constrained\" style=\"border-top-left-radius:0rem;border-top-right-radius:0rem;border-bottom-right-radius:0rem;padding-top:var(--wp--preset--spacing--30);padding-right:var(--wp--preset--spacing--30);padding-bottom:var(--wp--preset--spacing--30);padding-left:var(--wp--preset--spacing--30)\">\n<div class=\"wp-block-group has-ast-global-color-0-color has-text-color has-link-color wp-elements-6d0c9a8643f046710f01647111cfbd34 is-vertical is-content-justification-left is-nowrap is-layout-flex wp-container-core-group-is-layout-68e483c8 wp-block-group-is-layout-flex\" style=\"margin-top:0;margin-bottom:0;font-size:18px\">\n<h3 class=\"wp-block-heading has-primary-color has-text-color has-link-color wp-elements-cf9ad4ab4a80dcd6c9d4a8706d803cbd\" style=\"font-size:24px;line-height:1.5\">Marche de sensibilisation \u00e0 la TNF 2025<strong> <\/strong><\/h3>\n\n\n\n<p class=\"has-primary-color has-text-color has-link-color wp-elements-9e1212c563994965554b4c90fe852966\">Porto to Santiago de Compostela: Sept 2025 <\/p>\n<\/div>\n\n\n\n<p style=\"margin-top:16px;font-size:16px\">C'est ma premi\u00e8re marche pour sensibiliser le public aux troubles neurologiques fonctionnels.<\/p>\n\n\n\n<div class=\"wp-block-buttons is-content-justification-center is-layout-flex wp-container-core-buttons-is-layout-a89b3969 wp-block-buttons-is-layout-flex\">\n<div class=\"wp-block-button is-style-outline is-style-outline--1\"><a class=\"wp-block-button__link wp-element-button\" href=\"https:\/\/charitywalks-4fndhope.com\/fr\/porto\/\">Plus d'informations<\/a><\/div>\n\n\n\n<div class=\"wp-block-button\"><a class=\"wp-block-button__link has-ast-global-color-1-background-color has-background wp-element-button\" href=\"https:\/\/ahvhyhel.donorsupport.co\/page\/FUNKVXZTXET?fundraiser=NZBYKTLL&amp;member=SDNHJMXD\">Faire un don<\/a><\/div>\n<\/div>\n<\/div>\n<\/div>\n\n\n\n<div class=\"wp-block-column is-layout-flow wp-container-core-column-is-layout-8a368f38 wp-block-column-is-layout-flow\">\n<figure class=\"wp-block-image size-full has-custom-border extendify-image-import\"><img loading=\"lazy\" decoding=\"async\" width=\"1006\" height=\"936\" src=\"http:\/\/charitywalks-4fndhope.com\/wp-content\/uploads\/2025\/05\/Screenshot-2025-05-23-at-15.08.21.png\" alt=\"\" class=\"wp-image-107\" style=\"border-top-left-radius:20rem;border-top-right-radius:20rem;border-bottom-left-radius:0rem;border-bottom-right-radius:0rem;aspect-ratio:1;object-fit:cover\" srcset=\"https:\/\/charitywalks-4fndhope.com\/wp-content\/uploads\/2025\/05\/Screenshot-2025-05-23-at-15.08.21.png 1006w, https:\/\/charitywalks-4fndhope.com\/wp-content\/uploads\/2025\/05\/Screenshot-2025-05-23-at-15.08.21-300x279.png 300w, https:\/\/charitywalks-4fndhope.com\/wp-content\/uploads\/2025\/05\/Screenshot-2025-05-23-at-15.08.21-768x715.png 768w\" sizes=\"auto, (max-width: 1006px) 100vw, 1006px\" \/><\/figure>\n\n\n\n<div class=\"wp-block-group has-tertiary-background-color has-background is-layout-constrained wp-container-core-group-is-layout-23b1a4dc wp-block-group-is-layout-constrained\" style=\"border-top-left-radius:0rem;border-top-right-radius:0rem;border-bottom-right-radius:0rem;padding-top:var(--wp--preset--spacing--30);padding-right:var(--wp--preset--spacing--30);padding-bottom:var(--wp--preset--spacing--30);padding-left:var(--wp--preset--spacing--30)\">\n<div class=\"wp-block-group is-vertical is-content-justification-left is-nowrap is-layout-flex wp-container-core-group-is-layout-c0c59743 wp-block-group-is-layout-flex\" style=\"font-size:24px\">\n<h3 class=\"wp-block-heading\" style=\"font-size:20px;line-height:1.5\">Marche de sensibilisation \u00e0 la TNF<\/h3>\n\n\n\n<p class=\"has-ast-global-color-0-color has-text-color has-link-color wp-elements-d7ac9151c071d1cdfc158ebcfaf113c3\" style=\"font-size:18px;text-transform:uppercase\">Avril 2026<\/p>\n<\/div>\n\n\n\n<p style=\"margin-top:16px;font-size:16px\">Les d\u00e9tails de l'\u00e9v\u00e9nement seront communiqu\u00e9s ult\u00e9rieurement.<\/p>\n<\/div>\n<\/div>\n\n\n\n<div class=\"wp-block-column is-layout-flow wp-container-core-column-is-layout-8a368f38 wp-block-column-is-layout-flow\">\n<figure class=\"wp-block-image size-large has-custom-border extendify-image-import\"><img loading=\"lazy\" decoding=\"async\" width=\"816\" height=\"1024\" src=\"http:\/\/charitywalks-4fndhope.com\/wp-content\/uploads\/2025\/05\/gffda889a1b1b8f644ddefb08fdbc306ea46dc8685480b95f40744abda9874cb282ec71eb095bf8862fb950c1707b3f159665aa05e17c3784f0d855013d6e34b2_1280-4377342-816x1024.jpg\" alt=\"gaztelugatxe, island, sea, biscay, mountains, coast, nature, vacation, spain, landscape, spain, spain, spain, spain, spain\" class=\"wp-image-105\" style=\"border-top-left-radius:20rem;border-top-right-radius:20rem;border-bottom-left-radius:0rem;border-bottom-right-radius:0rem;aspect-ratio:1;object-fit:cover\" srcset=\"https:\/\/charitywalks-4fndhope.com\/wp-content\/uploads\/2025\/05\/gffda889a1b1b8f644ddefb08fdbc306ea46dc8685480b95f40744abda9874cb282ec71eb095bf8862fb950c1707b3f159665aa05e17c3784f0d855013d6e34b2_1280-4377342-816x1024.jpg 816w, https:\/\/charitywalks-4fndhope.com\/wp-content\/uploads\/2025\/05\/gffda889a1b1b8f644ddefb08fdbc306ea46dc8685480b95f40744abda9874cb282ec71eb095bf8862fb950c1707b3f159665aa05e17c3784f0d855013d6e34b2_1280-4377342-239x300.jpg 239w, https:\/\/charitywalks-4fndhope.com\/wp-content\/uploads\/2025\/05\/gffda889a1b1b8f644ddefb08fdbc306ea46dc8685480b95f40744abda9874cb282ec71eb095bf8862fb950c1707b3f159665aa05e17c3784f0d855013d6e34b2_1280-4377342-768x964.jpg 768w, https:\/\/charitywalks-4fndhope.com\/wp-content\/uploads\/2025\/05\/gffda889a1b1b8f644ddefb08fdbc306ea46dc8685480b95f40744abda9874cb282ec71eb095bf8862fb950c1707b3f159665aa05e17c3784f0d855013d6e34b2_1280-4377342.jpg 1020w\" sizes=\"auto, (max-width: 816px) 100vw, 816px\" \/><\/figure>\n\n\n\n<div class=\"wp-block-group has-tertiary-background-color has-background is-layout-constrained wp-container-core-group-is-layout-23b1a4dc wp-block-group-is-layout-constrained\" style=\"border-top-left-radius:0rem;border-top-right-radius:0rem;border-bottom-right-radius:0rem;padding-top:var(--wp--preset--spacing--30);padding-right:var(--wp--preset--spacing--30);padding-bottom:var(--wp--preset--spacing--30);padding-left:var(--wp--preset--spacing--30)\">\n<div class=\"wp-block-group is-vertical is-content-justification-left is-nowrap is-layout-flex wp-container-core-group-is-layout-c0c59743 wp-block-group-is-layout-flex\" style=\"font-size:18px\">\n<h3 class=\"wp-block-heading\" style=\"font-size:24px;line-height:1.5\">Marche de sensibilisation \u00e0 la TNF 2026<\/h3>\n\n\n\n<p class=\"has-ast-global-color-0-color has-text-color has-link-color wp-elements-a9b065190d7535306a161f1f6befc17e\" style=\"font-size:18px;text-transform:uppercase\">Mai ou juin 2026<\/p>\n<\/div>\n\n\n\n<p style=\"margin-top:16px;font-size:16px\">Les d\u00e9tails de l'\u00e9v\u00e9nement seront communiqu\u00e9s ult\u00e9rieurement.<\/p>\n<\/div>\n<\/div>\n<\/div>\n<\/div>\n\n\n\n<div class=\"inherit-container-width wp-block-group alignfull has-tertiary-background-color has-background is-layout-constrained wp-container-core-group-is-layout-7276a2bb wp-block-group-is-layout-constrained\" style=\"margin-top:0;margin-bottom:0;padding-top:var(--wp--preset--spacing--60);padding-right:var(--wp--preset--spacing--30);padding-bottom:var(--wp--preset--spacing--60);padding-left:var(--wp--preset--spacing--30)\">\n<div class=\"wp-block-group is-layout-constrained wp-block-group-is-layout-constrained\">\n<h2 class=\"wp-block-heading has-text-align-center has-large-font-size\">Sensibilisation \u00e0 la TNF d\u00e8s aujourd'hui<\/h2>\n\n\n\n<p class=\"has-text-align-left\" style=\"margin-top:16px\">Rejoignez le mouvement de sensibilisation \u00e0 la TNF en vous inscrivant \u00e0 la lettre d'information pour recevoir des informations sur les marches caritatives, en explorant mon blog sur la vie avec la TNF et le d\u00e9but de mon parcours de gu\u00e9rison, ou en d\u00e9couvrant plus sur FND Hope.<\/p>\n\n\n\n<div class=\"wp-block-buttons is-content-justification-center is-layout-flex wp-container-core-buttons-is-layout-720bcce9 wp-block-buttons-is-layout-flex\">\n<div class=\"wp-block-button is-style-outline is-style-outline--2\"><a class=\"wp-block-button__link wp-element-button\" href=\"http:\/\/www.fnd-stronger-together.blog\">FND-Stronger-Together<\/a><\/div>\n\n\n\n<div class=\"wp-block-button is-style-outline is-style-outline--3\"><a class=\"wp-block-button__link wp-element-button\" href=\"http:\/\/www.fndhope.org\">FND Hope<\/a><\/div>\n<\/div>\n<\/div>\n<\/div>","protected":false},"excerpt":{"rendered":"<p>Inspiring Hope, one step at a time Making Strides for FND Awareness My mission is to raise funds and promote [&hellip;]<\/p>\n","protected":false},"author":1,"featured_media":0,"parent":296,"menu_order":0,"comment_status":"closed","ping_status":"closed","template":"","meta":{"om_disable_all_campaigns":false,"_uag_custom_page_level_css":"","_monsterinsights_skip_tracking":false,"_monsterinsights_sitenote_active":false,"_monsterinsights_sitenote_note":"","_monsterinsights_sitenote_category":0,"site-sidebar-layout":"default","site-content-layout":"","ast-site-content-layout":"","site-content-style":"default","site-sidebar-style":"default","ast-global-header-display":"","ast-banner-title-visibility":"","ast-main-header-display":"","ast-hfb-above-header-display":"","ast-hfb-below-header-display":"","ast-hfb-mobile-header-display":"","site-post-title":"disabled","ast-breadcrumbs-content":"","ast-featured-img":"","footer-sml-layout":"","ast-disable-related-posts":"","theme-transparent-header-meta":"","adv-header-id-meta":"","stick-header-meta":"","header-above-stick-meta":"","header-main-stick-meta":"","header-below-stick-meta":"","astra-migrate-meta-layouts":"default","ast-page-background-enabled":"default","ast-page-background-meta":{"desktop":{"background-color":"var(--ast-global-color-5)","background-image":"","background-repeat":"repeat","background-position":"center center","background-size":"auto","background-attachment":"scroll","background-type":"","background-media":"","overlay-type":"","overlay-color":"","overlay-opacity":"","overlay-gradient":""},"tablet":{"background-color":"","background-image":"","background-repeat":"repeat","background-position":"center center","background-size":"auto","background-attachment":"scroll","background-type":"","background-media":"","overlay-type":"","overlay-color":"","overlay-opacity":"","overlay-gradient":""},"mobile":{"background-color":"","background-image":"","background-repeat":"repeat","background-position":"center center","background-size":"auto","background-attachment":"scroll","background-type":"","background-media":"","overlay-type":"","overlay-color":"","overlay-opacity":"","overlay-gradient":""}},"ast-content-background-meta":{"desktop":{"background-color":"var(--ast-global-color-4)","background-image":"","background-repeat":"repeat","background-position":"center center","background-size":"auto","background-attachment":"scroll","background-type":"","background-media":"","overlay-type":"","overlay-color":"","overlay-opacity":"","overlay-gradient":""},"tablet":{"background-color":"var(--ast-global-color-4)","background-image":"","background-repeat":"repeat","background-position":"center center","background-size":"auto","background-attachment":"scroll","background-type":"","background-media":"","overlay-type":"","overlay-color":"","overlay-opacity":"","overlay-gradient":""},"mobile":{"background-color":"var(--ast-global-color-4)","background-image":"","background-repeat":"repeat","background-position":"center center","background-size":"auto","background-attachment":"scroll","background-type":"","background-media":"","overlay-type":"","overlay-color":"","overlay-opacity":"","overlay-gradient":""}},"footnotes":""},"class_list":["post-37","page","type-page","status-publish","hentry"],"aioseo_notices":[],"uagb_featured_image_src":{"full":false,"thumbnail":false,"medium":false,"medium_large":false,"large":false,"1536x1536":false,"2048x2048":false,"trp-custom-language-flag":false},"uagb_author_info":{"display_name":"FND-Stronger-Together","author_link":"https:\/\/charitywalks-4fndhope.com\/fr\/author\/5vv98\/"},"uagb_comment_info":0,"uagb_excerpt":"Inspiring Hope, one step at a time Making Strides for FND Awareness My mission is to raise funds and promote [&hellip;]","_links":{"self":[{"href":"https:\/\/charitywalks-4fndhope.com\/fr\/wp-json\/wp\/v2\/pages\/37","targetHints":{"allow":["GET"]}}],"collection":[{"href":"https:\/\/charitywalks-4fndhope.com\/fr\/wp-json\/wp\/v2\/pages"}],"about":[{"href":"https:\/\/charitywalks-4fndhope.com\/fr\/wp-json\/wp\/v2\/types\/page"}],"author":[{"embeddable":true,"href":"https:\/\/charitywalks-4fndhope.com\/fr\/wp-json\/wp\/v2\/users\/1"}],"replies":[{"embeddable":true,"href":"https:\/\/charitywalks-4fndhope.com\/fr\/wp-json\/wp\/v2\/comments?post=37"}],"version-history":[{"count":32,"href":"https:\/\/charitywalks-4fndhope.com\/fr\/wp-json\/wp\/v2\/pages\/37\/revisions"}],"predecessor-version":[{"id":337,"href":"https:\/\/charitywalks-4fndhope.com\/fr\/wp-json\/wp\/v2\/pages\/37\/revisions\/337"}],"up":[{"embeddable":true,"href":"https:\/\/charitywalks-4fndhope.com\/fr\/wp-json\/wp\/v2\/pages\/296"}],"wp:attachment":[{"href":"https:\/\/charitywalks-4fndhope.com\/fr\/wp-json\/wp\/v2\/media?parent=37"}],"curies":[{"name":"wp","href":"https:\/\/api.w.org\/{rel}","templated":true}]}}